{"id":44,"date":"2021-08-30T22:14:34","date_gmt":"2021-08-30T22:14:34","guid":{"rendered":"https:\/\/moovelub.com\/mobildelvac\/blog\/?page_id=44"},"modified":"2021-10-25T16:04:34","modified_gmt":"2021-10-25T19:04:34","slug":"moove-lub-club","status":"publish","type":"page","link":"https:\/\/moovelub.com\/mobildelvac\/blog\/moove-lub-club\/","title":{"rendered":"Mobil Club"},"content":{"rendered":"\r\n<p>Aqui voc\u00ea encontra e-books,\u00a0whitepapers\u00a0e infogr\u00e1ficos\u00a0com tend\u00eancias\u00a0de mercado, avalia\u00e7\u00f5es de especialistas\u00a0e\u00a0solu\u00e7\u00f5es\u00a0para voc\u00ea gerir melhor o seu neg\u00f3cio.\r\nFa\u00e7a parte do\u00a0Moove\u00a0Lub\u00a0Club e acesse todo esse conte\u00fado feito especialmente para voc\u00ea<\/p>\r\n","protected":false},"excerpt":{"rendered":"<p>Aqui voc\u00ea encontra e-books,\u00a0whitepapers\u00a0e infogr\u00e1ficos\u00a0com tend\u00eancias\u00a0de mercado, avalia\u00e7\u00f5es de especialistas\u00a0e\u00a0solu\u00e7\u00f5es\u00a0para voc\u00ea gerir melhor o seu neg\u00f3cio. Fa\u00e7a parte do\u00a0Moove\u00a0Lub\u00a0Club e acesse todo esse conte\u00fado feito especialmente para voc\u00ea<\/p>\n","protected":false},"author":1,"featured_media":0,"parent":0,"menu_order":0,"comment_status":"closed","ping_status":"closed","template":"","meta":{"advgb_blocks_editor_width":"","advgb_blocks_columns_visual_guide":""},"acf":[],"yoast_head":"<!-- This site is optimized with the Yoast SEO plugin v19.13 - https:\/\/yoast.com\/wordpress\/plugins\/seo\/ -->\n<title>Mobil Club &gt; Mobil Blog<\/title>\n<meta name=\"robots\" content=\"index, follow, max-snippet:-1, max-image-preview:large, max-video-preview:-1\" \/>\n<link rel=\"canonical\" href=\"https:\/\/moovelub.com\/mobildelvac\/blog\/moove-lub-club\/\" \/>\n<meta property=\"og:locale\" content=\"pt_BR\" \/>\n<meta property=\"og:type\" content=\"article\" \/>\n<meta property=\"og:title\" content=\"Mobil Club &gt; Mobil Blog\" \/>\n<meta property=\"og:description\" content=\"Aqui voc\u00ea encontra e-books,\u00a0whitepapers\u00a0e infogr\u00e1ficos\u00a0com tend\u00eancias\u00a0de mercado, avalia\u00e7\u00f5es de especialistas\u00a0e\u00a0solu\u00e7\u00f5es\u00a0para voc\u00ea gerir melhor o seu neg\u00f3cio. Fa\u00e7a parte do\u00a0Moove\u00a0Lub\u00a0Club e acesse todo esse conte\u00fado feito especialmente para voc\u00ea\" \/>\n<meta property=\"og:url\" content=\"https:\/\/moovelub.com\/mobildelvac\/blog\/moove-lub-club\/\" \/>\n<meta property=\"og:site_name\" content=\"Mobil Blog\" \/>\n<meta property=\"article:modified_time\" content=\"2021-10-25T19:04:34+00:00\" \/>\n<meta name=\"twitter:card\" content=\"summary_large_image\" \/>\n<meta name=\"twitter:label1\" content=\"Est. tempo de leitura\" \/>\n\t<meta name=\"twitter:data1\" content=\"1 minuto\" \/>\n<script type=\"application\/ld+json\" class=\"yoast-schema-graph\">{\"@context\":\"https:\/\/schema.org\",\"@graph\":[{\"@type\":\"WebPage\",\"@id\":\"https:\/\/moovelub.com\/mobildelvac\/blog\/moove-lub-club\/\",\"url\":\"https:\/\/moovelub.com\/mobildelvac\/blog\/moove-lub-club\/\",\"name\":\"Mobil Club &gt; Mobil Blog\",\"isPartOf\":{\"@id\":\"https:\/\/moovelub.com\/mobildelvac\/blog\/#website\"},\"datePublished\":\"2021-08-30T22:14:34+00:00\",\"dateModified\":\"2021-10-25T19:04:34+00:00\",\"breadcrumb\":{\"@id\":\"https:\/\/moovelub.com\/mobildelvac\/blog\/moove-lub-club\/#breadcrumb\"},\"inLanguage\":\"pt-BR\",\"potentialAction\":[{\"@type\":\"ReadAction\",\"target\":[\"https:\/\/moovelub.com\/mobildelvac\/blog\/moove-lub-club\/\"]}]},{\"@type\":\"BreadcrumbList\",\"@id\":\"https:\/\/moovelub.com\/mobildelvac\/blog\/moove-lub-club\/#breadcrumb\",\"itemListElement\":[{\"@type\":\"ListItem\",\"position\":1,\"name\":\"Home\",\"item\":\"https:\/\/moovelub.com\/mobildelvac\/blog\/\"},{\"@type\":\"ListItem\",\"position\":2,\"name\":\"Mobil Club\"}]},{\"@type\":\"WebSite\",\"@id\":\"https:\/\/moovelub.com\/mobildelvac\/blog\/#website\",\"url\":\"https:\/\/moovelub.com\/mobildelvac\/blog\/\",\"name\":\"Mobil Blog\",\"description\":\"| Frotas\",\"potentialAction\":[{\"@type\":\"SearchAction\",\"target\":{\"@type\":\"EntryPoint\",\"urlTemplate\":\"https:\/\/moovelub.com\/mobildelvac\/blog\/?s={search_term_string}\"},\"query-input\":\"required name=search_term_string\"}],\"inLanguage\":\"pt-BR\"}]}<\/script>\n<!-- \/ Yoast SEO plugin. -->","yoast_head_json":{"title":"Mobil Club &gt; Mobil Blog","robots":{"index":"index","follow":"follow","max-snippet":"max-snippet:-1","max-image-preview":"max-image-preview:large","max-video-preview":"max-video-preview:-1"},"canonical":"https:\/\/moovelub.com\/mobildelvac\/blog\/moove-lub-club\/","og_locale":"pt_BR","og_type":"article","og_title":"Mobil Club &gt; Mobil Blog","og_description":"Aqui voc\u00ea encontra e-books,\u00a0whitepapers\u00a0e infogr\u00e1ficos\u00a0com tend\u00eancias\u00a0de mercado, avalia\u00e7\u00f5es de especialistas\u00a0e\u00a0solu\u00e7\u00f5es\u00a0para voc\u00ea gerir melhor o seu neg\u00f3cio. Fa\u00e7a parte do\u00a0Moove\u00a0Lub\u00a0Club e acesse todo esse conte\u00fado feito especialmente para voc\u00ea","og_url":"https:\/\/moovelub.com\/mobildelvac\/blog\/moove-lub-club\/","og_site_name":"Mobil Blog","article_modified_time":"2021-10-25T19:04:34+00:00","twitter_card":"summary_large_image","twitter_misc":{"Est. tempo de leitura":"1 minuto"},"schema":{"@context":"https:\/\/schema.org","@graph":[{"@type":"WebPage","@id":"https:\/\/moovelub.com\/mobildelvac\/blog\/moove-lub-club\/","url":"https:\/\/moovelub.com\/mobildelvac\/blog\/moove-lub-club\/","name":"Mobil Club &gt; Mobil Blog","isPartOf":{"@id":"https:\/\/moovelub.com\/mobildelvac\/blog\/#website"},"datePublished":"2021-08-30T22:14:34+00:00","dateModified":"2021-10-25T19:04:34+00:00","breadcrumb":{"@id":"https:\/\/moovelub.com\/mobildelvac\/blog\/moove-lub-club\/#breadcrumb"},"inLanguage":"pt-BR","potentialAction":[{"@type":"ReadAction","target":["https:\/\/moovelub.com\/mobildelvac\/blog\/moove-lub-club\/"]}]},{"@type":"BreadcrumbList","@id":"https:\/\/moovelub.com\/mobildelvac\/blog\/moove-lub-club\/#breadcrumb","itemListElement":[{"@type":"ListItem","position":1,"name":"Home","item":"https:\/\/moovelub.com\/mobildelvac\/blog\/"},{"@type":"ListItem","position":2,"name":"Mobil Club"}]},{"@type":"WebSite","@id":"https:\/\/moovelub.com\/mobildelvac\/blog\/#website","url":"https:\/\/moovelub.com\/mobildelvac\/blog\/","name":"Mobil Blog","description":"| Frotas","potentialAction":[{"@type":"SearchAction","target":{"@type":"EntryPoint","urlTemplate":"https:\/\/moovelub.com\/mobildelvac\/blog\/?s={search_term_string}"},"query-input":"required name=search_term_string"}],"inLanguage":"pt-BR"}]}},"coauthors":[],"author_meta":{"author_link":"https:\/\/moovelub.com\/mobildelvac\/blog\/author\/mobil\/","display_name":"mobil"},"relative_dates":{"created":"Posted 5 anos ago","modified":"Updated 5 anos ago"},"absolute_dates":{"created":"Posted on 30\/08\/2021","modified":"Updated on 25\/10\/2021"},"absolute_dates_time":{"created":"Posted on 30\/08\/2021 22:14","modified":"Updated on 25\/10\/2021 16:04"},"featured_img_caption":"","featured_img":false,"series_order":"","_links":{"self":[{"href":"https:\/\/moovelub.com\/mobildelvac\/blog\/wp-json\/wp\/v2\/pages\/44"}],"collection":[{"href":"https:\/\/moovelub.com\/mobildelvac\/blog\/wp-json\/wp\/v2\/pages"}],"about":[{"href":"https:\/\/moovelub.com\/mobildelvac\/blog\/wp-json\/wp\/v2\/types\/page"}],"author":[{"embeddable":true,"href":"https:\/\/moovelub.com\/mobildelvac\/blog\/wp-json\/wp\/v2\/users\/1"}],"replies":[{"embeddable":true,"href":"https:\/\/moovelub.com\/mobildelvac\/blog\/wp-json\/wp\/v2\/comments?post=44"}],"version-history":[{"count":3,"href":"https:\/\/moovelub.com\/mobildelvac\/blog\/wp-json\/wp\/v2\/pages\/44\/revisions"}],"predecessor-version":[{"id":379,"href":"https:\/\/moovelub.com\/mobildelvac\/blog\/wp-json\/wp\/v2\/pages\/44\/revisions\/379"}],"wp:attachment":[{"href":"https:\/\/moovelub.com\/mobildelvac\/blog\/wp-json\/wp\/v2\/media?parent=44"}],"curies":[{"name":"wp","href":"https:\/\/api.w.org\/{rel}","templated":true}]}}