{"id":18,"date":"2021-08-26T10:41:11","date_gmt":"2021-08-26T10:41:11","guid":{"rendered":"https:\/\/moovelub.com\/mobildelvac\/blog\/?page_id=18"},"modified":"2022-02-25T09:51:17","modified_gmt":"2022-02-25T12:51:17","slug":"home","status":"publish","type":"page","link":"https:\/\/moovelub.com\/mobildelvac\/blog\/","title":{"rendered":"Home"},"content":{"rendered":"","protected":false},"excerpt":{"rendered":"","protected":false},"author":1,"featured_media":0,"parent":0,"menu_order":0,"comment_status":"closed","ping_status":"closed","template":"","meta":{"advgb_blocks_editor_width":"","advgb_blocks_columns_visual_guide":""},"acf":[],"yoast_head":"<!-- This site is optimized with the Yoast SEO plugin v19.13 - https:\/\/yoast.com\/wordpress\/plugins\/seo\/ -->\n<title>Home &gt; Mobil Blog<\/title>\n<meta name=\"description\" content=\"O seu blog em movimento. Conte\u00fados semanais e atualizados sobre as principais not\u00edcias do setor rodovi\u00e1rio e de transporte. Se cadastre para receber os conte\u00fados de frotas em primeira m\u00e3o.\" \/>\n<meta name=\"robots\" content=\"index, follow, max-snippet:-1, max-image-preview:large, max-video-preview:-1\" \/>\n<link rel=\"canonical\" href=\"https:\/\/moovelub.com\/mobildelvac\/blog\/\" \/>\n<meta property=\"og:locale\" content=\"pt_BR\" \/>\n<meta property=\"og:type\" content=\"article\" \/>\n<meta property=\"og:title\" content=\"Home &gt; Mobil Blog\" \/>\n<meta property=\"og:description\" content=\"O seu blog em movimento. Conte\u00fados semanais e atualizados sobre as principais not\u00edcias do setor rodovi\u00e1rio e de transporte. Se cadastre para receber os conte\u00fados de frotas em primeira m\u00e3o.\" \/>\n<meta property=\"og:url\" content=\"https:\/\/moovelub.com\/mobildelvac\/blog\/\" \/>\n<meta property=\"og:site_name\" content=\"Mobil Blog\" \/>\n<meta property=\"article:modified_time\" content=\"2022-02-25T12:51:17+00:00\" \/>\n<meta name=\"twitter:card\" content=\"summary_large_image\" \/>\n<script type=\"application\/ld+json\" class=\"yoast-schema-graph\">{\"@context\":\"https:\/\/schema.org\",\"@graph\":[{\"@type\":\"WebPage\",\"@id\":\"https:\/\/moovelub.com\/mobildelvac\/blog\/\",\"url\":\"https:\/\/moovelub.com\/mobildelvac\/blog\/\",\"name\":\"Home &gt; Mobil Blog\",\"isPartOf\":{\"@id\":\"https:\/\/moovelub.com\/mobildelvac\/blog\/#website\"},\"datePublished\":\"2021-08-26T10:41:11+00:00\",\"dateModified\":\"2022-02-25T12:51:17+00:00\",\"description\":\"O seu blog em movimento. Conte\u00fados semanais e atualizados sobre as principais not\u00edcias do setor rodovi\u00e1rio e de transporte. Se cadastre para receber os conte\u00fados de frotas em primeira m\u00e3o.\",\"breadcrumb\":{\"@id\":\"https:\/\/moovelub.com\/mobildelvac\/blog\/#breadcrumb\"},\"inLanguage\":\"pt-BR\",\"potentialAction\":[{\"@type\":\"ReadAction\",\"target\":[\"https:\/\/moovelub.com\/mobildelvac\/blog\/\"]}]},{\"@type\":\"BreadcrumbList\",\"@id\":\"https:\/\/moovelub.com\/mobildelvac\/blog\/#breadcrumb\",\"itemListElement\":[{\"@type\":\"ListItem\",\"position\":1,\"name\":\"Home\",\"item\":\"https:\/\/moovelub.com\/mobildelvac\/blog\/\"},{\"@type\":\"ListItem\",\"position\":2,\"name\":\"Home\"}]},{\"@type\":\"WebSite\",\"@id\":\"https:\/\/moovelub.com\/mobildelvac\/blog\/#website\",\"url\":\"https:\/\/moovelub.com\/mobildelvac\/blog\/\",\"name\":\"Mobil Blog\",\"description\":\"| Frotas\",\"potentialAction\":[{\"@type\":\"SearchAction\",\"target\":{\"@type\":\"EntryPoint\",\"urlTemplate\":\"https:\/\/moovelub.com\/mobildelvac\/blog\/?s={search_term_string}\"},\"query-input\":\"required name=search_term_string\"}],\"inLanguage\":\"pt-BR\"}]}<\/script>\n<!-- \/ Yoast SEO plugin. -->","yoast_head_json":{"title":"Home &gt; Mobil Blog","description":"O seu blog em movimento. Conte\u00fados semanais e atualizados sobre as principais not\u00edcias do setor rodovi\u00e1rio e de transporte. Se cadastre para receber os conte\u00fados de frotas em primeira m\u00e3o.","robots":{"index":"index","follow":"follow","max-snippet":"max-snippet:-1","max-image-preview":"max-image-preview:large","max-video-preview":"max-video-preview:-1"},"canonical":"https:\/\/moovelub.com\/mobildelvac\/blog\/","og_locale":"pt_BR","og_type":"article","og_title":"Home &gt; Mobil Blog","og_description":"O seu blog em movimento. Conte\u00fados semanais e atualizados sobre as principais not\u00edcias do setor rodovi\u00e1rio e de transporte. Se cadastre para receber os conte\u00fados de frotas em primeira m\u00e3o.","og_url":"https:\/\/moovelub.com\/mobildelvac\/blog\/","og_site_name":"Mobil Blog","article_modified_time":"2022-02-25T12:51:17+00:00","twitter_card":"summary_large_image","schema":{"@context":"https:\/\/schema.org","@graph":[{"@type":"WebPage","@id":"https:\/\/moovelub.com\/mobildelvac\/blog\/","url":"https:\/\/moovelub.com\/mobildelvac\/blog\/","name":"Home &gt; Mobil Blog","isPartOf":{"@id":"https:\/\/moovelub.com\/mobildelvac\/blog\/#website"},"datePublished":"2021-08-26T10:41:11+00:00","dateModified":"2022-02-25T12:51:17+00:00","description":"O seu blog em movimento. Conte\u00fados semanais e atualizados sobre as principais not\u00edcias do setor rodovi\u00e1rio e de transporte. Se cadastre para receber os conte\u00fados de frotas em primeira m\u00e3o.","breadcrumb":{"@id":"https:\/\/moovelub.com\/mobildelvac\/blog\/#breadcrumb"},"inLanguage":"pt-BR","potentialAction":[{"@type":"ReadAction","target":["https:\/\/moovelub.com\/mobildelvac\/blog\/"]}]},{"@type":"BreadcrumbList","@id":"https:\/\/moovelub.com\/mobildelvac\/blog\/#breadcrumb","itemListElement":[{"@type":"ListItem","position":1,"name":"Home","item":"https:\/\/moovelub.com\/mobildelvac\/blog\/"},{"@type":"ListItem","position":2,"name":"Home"}]},{"@type":"WebSite","@id":"https:\/\/moovelub.com\/mobildelvac\/blog\/#website","url":"https:\/\/moovelub.com\/mobildelvac\/blog\/","name":"Mobil Blog","description":"| Frotas","potentialAction":[{"@type":"SearchAction","target":{"@type":"EntryPoint","urlTemplate":"https:\/\/moovelub.com\/mobildelvac\/blog\/?s={search_term_string}"},"query-input":"required name=search_term_string"}],"inLanguage":"pt-BR"}]}},"coauthors":[],"author_meta":{"author_link":"https:\/\/moovelub.com\/mobildelvac\/blog\/author\/mobil\/","display_name":"mobil"},"relative_dates":{"created":"Posted 5 anos ago","modified":"Updated 4 anos ago"},"absolute_dates":{"created":"Posted on 26\/08\/2021","modified":"Updated on 25\/02\/2022"},"absolute_dates_time":{"created":"Posted on 26\/08\/2021 10:41","modified":"Updated on 25\/02\/2022 09:51"},"featured_img_caption":"","featured_img":false,"series_order":"","_links":{"self":[{"href":"https:\/\/moovelub.com\/mobildelvac\/blog\/wp-json\/wp\/v2\/pages\/18"}],"collection":[{"href":"https:\/\/moovelub.com\/mobildelvac\/blog\/wp-json\/wp\/v2\/pages"}],"about":[{"href":"https:\/\/moovelub.com\/mobildelvac\/blog\/wp-json\/wp\/v2\/types\/page"}],"author":[{"embeddable":true,"href":"https:\/\/moovelub.com\/mobildelvac\/blog\/wp-json\/wp\/v2\/users\/1"}],"replies":[{"embeddable":true,"href":"https:\/\/moovelub.com\/mobildelvac\/blog\/wp-json\/wp\/v2\/comments?post=18"}],"version-history":[{"count":3,"href":"https:\/\/moovelub.com\/mobildelvac\/blog\/wp-json\/wp\/v2\/pages\/18\/revisions"}],"predecessor-version":[{"id":112,"href":"https:\/\/moovelub.com\/mobildelvac\/blog\/wp-json\/wp\/v2\/pages\/18\/revisions\/112"}],"wp:attachment":[{"href":"https:\/\/moovelub.com\/mobildelvac\/blog\/wp-json\/wp\/v2\/media?parent=18"}],"curies":[{"name":"wp","href":"https:\/\/api.w.org\/{rel}","templated":true}]}}